{"id":217,"date":"2023-10-02T22:05:51","date_gmt":"2023-10-02T22:05:51","guid":{"rendered":"https:\/\/kmazurkiewiczcbt.pl\/?page_id=217"},"modified":"2023-10-02T22:52:03","modified_gmt":"2023-10-02T22:52:03","slug":"psychoterapia","status":"publish","type":"page","link":"https:\/\/kmazurkiewiczcbt.pl\/?page_id=217","title":{"rendered":"Psychoterapia"},"content":{"rendered":"\n<h3 class=\"wp-block-heading\">Konsultacja psychologiczna<\/h3>\n\n\n\n<p>Konsultacja psychologiczna jest wst\u0119pem do wsp\u00f3\u0142pracy (psychoterapii). Zazwyczaj obejmuje jedno lub kilka spotka\u0144 podczas, kt\u00f3rych poznamy si\u0119, om\u00f3wimy trudno\u015bci i porozmawiamy o celach, kt\u00f3re nadadz\u0105 kierunek wsp\u00f3\u0142pracy. Konsultacje daj\u0105 te\u017c mo\u017cliwo\u015b\u0107 poznania podej\u015bcia poznawczo-behawioralnego i podj\u0119cia decyzji o wsp\u00f3\u0142pracy.<\/p>\n\n\n\n<h3 class=\"wp-block-heading\">Psychoterapia indywidualna<\/h3>\n\n\n\n<p>Psychoterapia indywidualna dla doros\u0142ych to cykl sesji psychoterapeutycznych trwaj\u0105cych 50 minut, odbywaj\u0105cych si\u0119 raz w tygodniu. To indywidualny plan pracy dostosowany do zg\u0142aszanych trudno\u015bci w oparciu o metody poznawczo-behawioralne. Psychoterapia obejmuje wsparcie m.in. w zakresie depresji, zaburze\u0144 nastroju, zaburze\u0144 l\u0119kowych, kryzys\u00f3w, niskiego poczucia w\u0142asnej warto\u015bci czy problem\u00f3w w relacjach.<\/p>\n\n\n\n<div id=\"wp-block-themeisle-blocks-button-group-791e77d4\" class=\"wp-block-themeisle-blocks-button-group wp-block-buttons\">\n<div id=\"wp-block-themeisle-blocks-button-6d93ff4d\" class=\"wp-block-themeisle-blocks-button wp-block-button\"><a href=\"https:\/\/kmazurkiewiczcbt.pl\/?page_id=103\" target=\"_self\" rel=\"noopener noreferrer\" class=\"wp-block-button__link\"><span>Zapisz si\u0119 na konsultacj\u0119<\/span><\/a><\/div>\n<\/div>\n","protected":false},"excerpt":{"rendered":"<p>Konsultacja psychologiczna Konsultacja psychologiczna jest wst\u0119pem do wsp\u00f3\u0142pracy (psychoterapii). Zazwyczaj obejmuje jedno lub kilka spotka\u0144 podczas, kt\u00f3rych poznamy si\u0119, om\u00f3wimy trudno\u015bci i porozmawiamy o celach, kt\u00f3re nadadz\u0105 kierunek wsp\u00f3\u0142pracy. Konsultacje daj\u0105 te\u017c mo\u017cliwo\u015b\u0107 poznania podej\u015bcia poznawczo-behawioralnego i podj\u0119cia decyzji o wsp\u00f3\u0142pracy. Psychoterapia indywidualna Psychoterapia indywidualna dla doros\u0142ych to cykl sesji psychoterapeutycznych trwaj\u0105cych 50 minut, odbywaj\u0105cych&hellip;&nbsp;<a href=\"https:\/\/kmazurkiewiczcbt.pl\/?page_id=217\" class=\"\" rel=\"bookmark\">Czytaj dalej &raquo;<span class=\"screen-reader-text\">Psychoterapia<\/span><\/a><\/p>\n","protected":false},"author":3,"featured_media":0,"parent":0,"menu_order":0,"comment_status":"closed","ping_status":"closed","template":"","meta":{"neve_meta_sidebar":"","neve_meta_container":"","neve_meta_enable_content_width":"","neve_meta_content_width":0,"neve_meta_title_alignment":"","neve_meta_author_avatar":"","neve_post_elements_order":"","neve_meta_disable_header":"","neve_meta_disable_footer":"","neve_meta_disable_title":"","_themeisle_gutenberg_block_has_review":false,"footnotes":""},"class_list":["post-217","page","type-page","status-publish","hentry"],"aioseo_notices":[],"_links":{"self":[{"href":"https:\/\/kmazurkiewiczcbt.pl\/index.php?rest_route=\/wp\/v2\/pages\/217","targetHints":{"allow":["GET"]}}],"collection":[{"href":"https:\/\/kmazurkiewiczcbt.pl\/index.php?rest_route=\/wp\/v2\/pages"}],"about":[{"href":"https:\/\/kmazurkiewiczcbt.pl\/index.php?rest_route=\/wp\/v2\/types\/page"}],"author":[{"embeddable":true,"href":"https:\/\/kmazurkiewiczcbt.pl\/index.php?rest_route=\/wp\/v2\/users\/3"}],"replies":[{"embeddable":true,"href":"https:\/\/kmazurkiewiczcbt.pl\/index.php?rest_route=%2Fwp%2Fv2%2Fcomments&post=217"}],"version-history":[{"count":3,"href":"https:\/\/kmazurkiewiczcbt.pl\/index.php?rest_route=\/wp\/v2\/pages\/217\/revisions"}],"predecessor-version":[{"id":248,"href":"https:\/\/kmazurkiewiczcbt.pl\/index.php?rest_route=\/wp\/v2\/pages\/217\/revisions\/248"}],"wp:attachment":[{"href":"https:\/\/kmazurkiewiczcbt.pl\/index.php?rest_route=%2Fwp%2Fv2%2Fmedia&parent=217"}],"curies":[{"name":"wp","href":"https:\/\/api.w.org\/{rel}","templated":true}]}}