{"id":253,"date":"2023-10-02T22:57:31","date_gmt":"2023-10-02T22:57:31","guid":{"rendered":"https:\/\/kmazurkiewiczcbt.pl\/?page_id=253"},"modified":"2025-12-28T18:39:38","modified_gmt":"2025-12-28T18:39:38","slug":"cennik","status":"publish","type":"page","link":"https:\/\/kmazurkiewiczcbt.pl\/?page_id=253","title":{"rendered":""},"content":{"rendered":"\n<div class=\"wp-block-cover alignfull\" style=\"min-height:315px;aspect-ratio:unset;\"><span aria-hidden=\"true\" class=\"wp-block-cover__background has-background-dim\"><\/span><img loading=\"lazy\" decoding=\"async\" width=\"683\" height=\"384\" class=\"wp-block-cover__image-background wp-image-390\" alt=\"\" src=\"https:\/\/kmazurkiewiczcbt.pl\/wp-content\/uploads\/2025\/01\/Pieniny-Durbaszka-Wysoka-8322-1024x576-1-edited.jpg\" data-object-fit=\"cover\" srcset=\"https:\/\/kmazurkiewiczcbt.pl\/wp-content\/uploads\/2025\/01\/Pieniny-Durbaszka-Wysoka-8322-1024x576-1-edited.jpg 683w, https:\/\/kmazurkiewiczcbt.pl\/wp-content\/uploads\/2025\/01\/Pieniny-Durbaszka-Wysoka-8322-1024x576-1-edited-300x169.jpg 300w\" sizes=\"auto, (max-width: 683px) 100vw, 683px\" \/><div class=\"wp-block-cover__inner-container is-layout-flow wp-block-cover-is-layout-flow\">\n<h2 id=\"wp-block-themeisle-blocks-advanced-heading-bc2a6666\" class=\"wp-block-themeisle-blocks-advanced-heading wp-block-themeisle-blocks-advanced-heading-bc2a6666 o-typing-delay-500ms\"><o-anim-typing><strong>Cennik<\/strong><\/o-anim-typing><\/h2>\n<\/div><\/div>\n\n\n\n<div id=\"wp-block-themeisle-blocks-advanced-columns-a751f916\" class=\"wp-block-themeisle-blocks-advanced-columns has-1-columns has-desktop-equal-layout has-tablet-equal-layout has-mobile-equal-layout has-vertical-unset\"><div class=\"wp-block-themeisle-blocks-advanced-columns-overlay\"><\/div><div class=\"innerblocks-wrap\">\n<div id=\"wp-block-themeisle-blocks-advanced-column-ebe4c493\" class=\"wp-block-themeisle-blocks-advanced-column\"><\/div>\n<\/div><\/div>\n\n\n\n<p><\/p>\n\n\n\n<p><\/p>\n\n\n\n<p>Ceny obowi\u0105zuj\u0105ce w gabinecie i online<\/p>\n\n\n\n<div id=\"wp-block-themeisle-blocks-advanced-columns-84f68af0\" class=\"wp-block-themeisle-blocks-advanced-columns has-3-columns has-desktop-equal-layout has-tablet-equal-layout has-mobile-collapsedRows-layout has-vertical-unset\"><div class=\"wp-block-themeisle-blocks-advanced-columns-overlay\"><\/div><div class=\"innerblocks-wrap\">\n<div id=\"wp-block-themeisle-blocks-advanced-column-691b0447\" class=\"wp-block-themeisle-blocks-advanced-column\">\n<div id=\"wp-block-themeisle-blocks-flip-ced5e35b\" class=\"wp-block-themeisle-blocks-flip anim flipY\"><div class=\"o-flip-inner\"><div class=\"o-flip-front\"><div class=\"o-flip-content\"><h3>Konsultacja psychologiczna<\/h3><p>50 min<br><strong>220z\u0142<\/strong><\/p><\/div><\/div><div class=\"o-flip-back\">\n<div class=\"wp-block-buttons is-content-justification-center is-layout-flex wp-container-core-buttons-is-layout-16018d1d wp-block-buttons-is-layout-flex\">\n<div class=\"wp-block-button is-style-fill\"><a class=\"wp-block-button__link wp-element-button\" href=\"https:\/\/kmazurkiewiczcbt.pl\/?page_id=103\">Um\u00f3w si\u0119 na konsultacj\u0119<\/a><\/div>\n<\/div>\n<\/div><\/div><\/div>\n<\/div>\n\n\n\n<div id=\"wp-block-themeisle-blocks-advanced-column-b9fb63ca\" class=\"wp-block-themeisle-blocks-advanced-column\">\n<div id=\"wp-block-themeisle-blocks-flip-cf6274b4\" class=\"wp-block-themeisle-blocks-flip anim flipY\"><div class=\"o-flip-inner\"><div class=\"o-flip-front\"><div class=\"o-flip-content\"><h3>Sesja psychoterapii<\/h3><p>50 min<br><strong>220 z\u0142<\/strong><\/p><\/div><\/div><div class=\"o-flip-back\">\n<div class=\"wp-block-buttons is-content-justification-center is-layout-flex wp-container-core-buttons-is-layout-16018d1d wp-block-buttons-is-layout-flex\">\n<div class=\"wp-block-button is-style-fill\"><a class=\"wp-block-button__link wp-element-button\" href=\"https:\/\/kmazurkiewiczcbt.pl\/?page_id=103\">Um\u00f3w si\u0119 na konsultacj\u0119<\/a><\/div>\n<\/div>\n<\/div><\/div><\/div>\n<\/div>\n\n\n\n<div id=\"wp-block-themeisle-blocks-advanced-column-f1be38a3\" class=\"wp-block-themeisle-blocks-advanced-column\">\n<div id=\"wp-block-themeisle-blocks-flip-d3be236d\" class=\"wp-block-themeisle-blocks-flip anim flipY\"><div class=\"o-flip-inner\"><div class=\"o-flip-front\"><div class=\"o-flip-content\"><h3>Sesja psychoterapii<\/h3><p>Ekspozycja in vivo, w gabinecie, online<br>90 min<br><strong>320z\u0142<\/strong><\/p><\/div><\/div><div class=\"o-flip-back\">\n<div class=\"wp-block-buttons is-content-justification-center is-layout-flex wp-container-core-buttons-is-layout-16018d1d wp-block-buttons-is-layout-flex\">\n<div class=\"wp-block-button is-style-fill\"><a class=\"wp-block-button__link wp-element-button\" href=\"https:\/\/kmazurkiewiczcbt.pl\/?page_id=103\">Um\u00f3w si\u0119 na konsultacj\u0119<\/a><\/div>\n<\/div>\n<\/div><\/div><\/div>\n<\/div>\n<\/div><\/div>\n\n\n\n<p><\/p>\n\n\n\n<p><\/p>\n\n\n\n<p><\/p>\n","protected":false},"excerpt":{"rendered":"<p>Ceny obowi\u0105zuj\u0105ce w gabinecie i online<\/p>\n","protected":false},"author":3,"featured_media":0,"parent":0,"menu_order":0,"comment_status":"closed","ping_status":"closed","template":"","meta":{"neve_meta_sidebar":"","neve_meta_container":"","neve_meta_enable_content_width":"","neve_meta_content_width":0,"neve_meta_title_alignment":"","neve_meta_author_avatar":"","neve_post_elements_order":"","neve_meta_disable_header":"","neve_meta_disable_footer":"","neve_meta_disable_title":"","_themeisle_gutenberg_block_has_review":false,"footnotes":""},"class_list":["post-253","page","type-page","status-publish","hentry"],"aioseo_notices":[],"_links":{"self":[{"href":"https:\/\/kmazurkiewiczcbt.pl\/index.php?rest_route=\/wp\/v2\/pages\/253","targetHints":{"allow":["GET"]}}],"collection":[{"href":"https:\/\/kmazurkiewiczcbt.pl\/index.php?rest_route=\/wp\/v2\/pages"}],"about":[{"href":"https:\/\/kmazurkiewiczcbt.pl\/index.php?rest_route=\/wp\/v2\/types\/page"}],"author":[{"embeddable":true,"href":"https:\/\/kmazurkiewiczcbt.pl\/index.php?rest_route=\/wp\/v2\/users\/3"}],"replies":[{"embeddable":true,"href":"https:\/\/kmazurkiewiczcbt.pl\/index.php?rest_route=%2Fwp%2Fv2%2Fcomments&post=253"}],"version-history":[{"count":18,"href":"https:\/\/kmazurkiewiczcbt.pl\/index.php?rest_route=\/wp\/v2\/pages\/253\/revisions"}],"predecessor-version":[{"id":417,"href":"https:\/\/kmazurkiewiczcbt.pl\/index.php?rest_route=\/wp\/v2\/pages\/253\/revisions\/417"}],"wp:attachment":[{"href":"https:\/\/kmazurkiewiczcbt.pl\/index.php?rest_route=%2Fwp%2Fv2%2Fmedia&parent=253"}],"curies":[{"name":"wp","href":"https:\/\/api.w.org\/{rel}","templated":true}]}}